{"id":2078,"date":"2021-03-08T13:12:38","date_gmt":"2021-03-08T12:12:38","guid":{"rendered":"https:\/\/belybel.com\/?page_id=2078"},"modified":"2021-03-08T13:27:01","modified_gmt":"2021-03-08T12:27:01","slug":"politica-de-cookies","status":"publish","type":"page","link":"https:\/\/belybel.com\/es\/politica-de-cookies\/","title":{"rendered":"Pol\u00edtica de cookies"},"content":{"rendered":"\n<div style=\"height:50px\" aria-hidden=\"true\" class=\"wp-block-spacer\"><\/div>\n\n\n\n<p>Las cookies son peque\u00f1as cantidades de informaci\u00f3n que se almacenan en el navegador utilizado por cada usuario para que el servidor recuerde cierta informaci\u00f3n que posteriormente pueda utilizar.<\/p>\n\n\n\n<h2 class=\"wp-block-heading\">TIPOS DE COOKIES QUE UTILIZAMOS<\/h2>\n\n\n\n<p>Esta p\u00e1gina web utiliza cookies de terceros que son aquellas que se env\u00edan a tu ordenador o terminal desde un dominio o una p\u00e1gina web que no es gestionada por nosotros, sino por otra entidad que trata los datos obtenidos a trav\u00e9s de las cookies.<\/p>\n\n\n\n<p>En este caso las Cookies son utilizadas con fines estad\u00edsticos relacionados con las visitas que recibe y las p\u00e1ginas que se consultan, quedando aceptado su uso al navegar por ella.<\/p>\n\n\n\n<figure class=\"wp-block-table\"><table><tbody><tr><td><strong>COOKIE<br>(Y PROVEEDOR)<\/strong><\/td><td><strong>DURACI\u00d3N<\/strong><\/td><td><strong>DESCRIPCI\u00d3N<\/strong><\/td><\/tr><tr><td>_ga (Google)<\/td><td>2 a\u00f1os<\/td><td>Se usa para distinguir a los usuarios.<\/td><\/tr><tr><td>_gid (Google)<\/td><td>24 horas<\/td><td>Se usa para distinguir a los usuarios.<\/td><\/tr><tr><td>_gat (Google)<\/td><td>1&nbsp;minuto<\/td><td>Se usa para limitar el porcentaje de solicitudes. Si has implementado Google Analytics mediante Google&nbsp;Tag&nbsp;Manager, esta cookie se llamar\u00e1 _dc_gtm_&lt;property-id&gt;.<\/td><\/tr><tr><td>_gali (Google)<\/td><td>30s<\/td><td>Atribuci\u00f3n de enlace mejorada.<\/td><\/tr><tr><td>CONSENT (youtube.com, youtube-nocookie.com)<\/td><td>Sesi\u00f3n<\/td><td>Estad\u00edsticas Youtube<\/td><\/tr><tr><td>(Snazzymaps.com)<\/td><td>2 a\u00f1os<\/td><td>Cookies para pintar mapa basado en Google Maps en p\u00e1gina de contacto.<\/td><\/tr><tr><td>wpml_browser_redirect_test, _icl_visitor_lang_js (WordPress)<\/td><td>2 a\u00f1os<\/td><td>(Varias cookies internas) Utilizado para el correcto funcionamiento del gestor de contenido WordPress.<\/td><\/tr><\/tbody><\/table><\/figure>\n\n\n\n<p>Si desea m\u00e1s informaci\u00f3n m\u00e1s sobre los tipos de cookies de seguimiento y an\u00e1lisis de datos de Google&nbsp;<a href=\"https:\/\/www.google.com\/intl\/es_es\/policies\/technologies\/types\/\" target=\"_blank\" rel=\"noreferrer noopener\">haga clic aqu\u00ed<\/a>.<\/p>\n\n\n\n<p>Para informarse sobre c\u00f3mo eliminar las cookies de su explorador:<\/p>\n\n\n\n<ul class=\"wp-block-list\"><li><a href=\"https:\/\/support.mozilla.org\/es\/kb\/habilitar-y-deshabilitar-cookies-sitios-web-rastrear-preferencias\" target=\"_blank\" rel=\"noreferrer noopener\">Firefox<\/a><\/li><li><a href=\"https:\/\/support.google.com\/chrome\/answer\/95647?hl=es\" target=\"_blank\" rel=\"noreferrer noopener\">Chrome<\/a><\/li><li><a href=\"https:\/\/support.microsoft.com\/es-es\/topic\/eliminar-y-administrar-cookies-168dab11-0753-043d-7c16-ede5947fc64d\" target=\"_blank\" rel=\"noreferrer noopener\">Internet Explorer<\/a><\/li><li><a href=\"https:\/\/support.apple.com\/kb\/PH19214?viewlocale=es_ES&amp;locale=es_ES\" target=\"_blank\" rel=\"noreferrer noopener\">Safari<\/a><\/li><li><a href=\"https:\/\/www.allaboutcookies.org\/es\/administrar-las-cookies\/opera.html\" target=\"_blank\" rel=\"noreferrer noopener\">Opera<\/a><\/li><\/ul>\n\n\n\n<div style=\"height:50px\" aria-hidden=\"true\" class=\"wp-block-spacer\"><\/div>\n","protected":false},"excerpt":{"rendered":"<p>Las cookies son peque\u00f1as cantidades de informaci\u00f3n que se almacenan en el navegador utilizado por cada usuario para que el servidor recuerde cierta informaci\u00f3n que posteriormente<span class=\"excerpt-hellip\"> [\u2026]<\/span><\/p>\n","protected":false},"author":1,"featured_media":0,"parent":0,"menu_order":0,"comment_status":"closed","ping_status":"closed","template":"","meta":{"footnotes":""},"class_list":["post-2078","page","type-page","status-publish","hentry"],"yoast_head":"<!-- This site is optimized with the Yoast SEO plugin v27.3 - https:\/\/yoast.com\/product\/yoast-seo-wordpress\/ -->\n<title>Pol\u00edtica de cookies - Bel &amp; Bel<\/title>\n<meta name=\"robots\" content=\"index, follow, max-snippet:-1, max-image-preview:large, max-video-preview:-1\" \/>\n<link rel=\"canonical\" href=\"https:\/\/belybel.com\/es\/politica-de-cookies\/\" \/>\n<meta property=\"og:locale\" content=\"es_ES\" \/>\n<meta property=\"og:type\" content=\"article\" \/>\n<meta property=\"og:title\" content=\"Pol\u00edtica de cookies - Bel &amp; Bel\" \/>\n<meta property=\"og:description\" content=\"Las cookies son peque\u00f1as cantidades de informaci\u00f3n que se almacenan en el navegador utilizado por cada usuario para que el servidor recuerde cierta informaci\u00f3n que posteriormente [\u2026]\" \/>\n<meta property=\"og:url\" content=\"https:\/\/belybel.com\/es\/politica-de-cookies\/\" \/>\n<meta property=\"og:site_name\" content=\"Bel &amp; Bel\" \/>\n<meta property=\"article:publisher\" content=\"https:\/\/www.facebook.com\/belybel.artworks\/\" \/>\n<meta property=\"article:modified_time\" content=\"2021-03-08T12:27:01+00:00\" \/>\n<meta name=\"twitter:card\" content=\"summary_large_image\" \/>\n<meta name=\"twitter:label1\" content=\"Tiempo de lectura\" \/>\n\t<meta name=\"twitter:data1\" content=\"1 minuto\" \/>\n<script type=\"application\/ld+json\" class=\"yoast-schema-graph\">{\"@context\":\"https:\\\/\\\/schema.org\",\"@graph\":[{\"@type\":\"WebPage\",\"@id\":\"https:\\\/\\\/belybel.com\\\/es\\\/politica-de-cookies\\\/\",\"url\":\"https:\\\/\\\/belybel.com\\\/es\\\/politica-de-cookies\\\/\",\"name\":\"Pol\u00edtica de cookies - Bel &amp; Bel\",\"isPartOf\":{\"@id\":\"https:\\\/\\\/belybel.com\\\/es\\\/#website\"},\"datePublished\":\"2021-03-08T12:12:38+00:00\",\"dateModified\":\"2021-03-08T12:27:01+00:00\",\"breadcrumb\":{\"@id\":\"https:\\\/\\\/belybel.com\\\/es\\\/politica-de-cookies\\\/#breadcrumb\"},\"inLanguage\":\"es\",\"potentialAction\":[{\"@type\":\"ReadAction\",\"target\":[\"https:\\\/\\\/belybel.com\\\/es\\\/politica-de-cookies\\\/\"]}]},{\"@type\":\"BreadcrumbList\",\"@id\":\"https:\\\/\\\/belybel.com\\\/es\\\/politica-de-cookies\\\/#breadcrumb\",\"itemListElement\":[{\"@type\":\"ListItem\",\"position\":1,\"name\":\"Home\",\"item\":\"https:\\\/\\\/belybel.com\\\/es\\\/\"},{\"@type\":\"ListItem\",\"position\":2,\"name\":\"Pol\u00edtica de cookies\"}]},{\"@type\":\"WebSite\",\"@id\":\"https:\\\/\\\/belybel.com\\\/es\\\/#website\",\"url\":\"https:\\\/\\\/belybel.com\\\/es\\\/\",\"name\":\"Bel &amp; Bel\",\"description\":\"Creative Studio\",\"publisher\":{\"@id\":\"https:\\\/\\\/belybel.com\\\/es\\\/#organization\"},\"potentialAction\":[{\"@type\":\"SearchAction\",\"target\":{\"@type\":\"EntryPoint\",\"urlTemplate\":\"https:\\\/\\\/belybel.com\\\/es\\\/?s={search_term_string}\"},\"query-input\":{\"@type\":\"PropertyValueSpecification\",\"valueRequired\":true,\"valueName\":\"search_term_string\"}}],\"inLanguage\":\"es\"},{\"@type\":\"Organization\",\"@id\":\"https:\\\/\\\/belybel.com\\\/es\\\/#organization\",\"name\":\"Bel&Bel Creative Studio\",\"url\":\"https:\\\/\\\/belybel.com\\\/es\\\/\",\"logo\":{\"@type\":\"ImageObject\",\"inLanguage\":\"es\",\"@id\":\"https:\\\/\\\/belybel.com\\\/es\\\/#\\\/schema\\\/logo\\\/image\\\/\",\"url\":\"https:\\\/\\\/belybel.com\\\/wp-content\\\/uploads\\\/2018\\\/01\\\/logo_blanco.png\",\"contentUrl\":\"https:\\\/\\\/belybel.com\\\/wp-content\\\/uploads\\\/2018\\\/01\\\/logo_blanco.png\",\"width\":142,\"height\":29,\"caption\":\"Bel&Bel Creative Studio\"},\"image\":{\"@id\":\"https:\\\/\\\/belybel.com\\\/es\\\/#\\\/schema\\\/logo\\\/image\\\/\"},\"sameAs\":[\"https:\\\/\\\/www.facebook.com\\\/belybel.artworks\\\/\",\"https:\\\/\\\/www.instagram.com\\\/belybel_artworks\\\/\",\"https:\\\/\\\/www.pinterest.com\\\/belybel\\\/\",\"https:\\\/\\\/www.youtube.com\\\/user\\\/belybelfactory\"]}]}<\/script>\n<!-- \/ Yoast SEO plugin. -->","yoast_head_json":{"title":"Pol\u00edtica de cookies - Bel &amp; Bel","robots":{"index":"index","follow":"follow","max-snippet":"max-snippet:-1","max-image-preview":"max-image-preview:large","max-video-preview":"max-video-preview:-1"},"canonical":"https:\/\/belybel.com\/es\/politica-de-cookies\/","og_locale":"es_ES","og_type":"article","og_title":"Pol\u00edtica de cookies - Bel &amp; Bel","og_description":"Las cookies son peque\u00f1as cantidades de informaci\u00f3n que se almacenan en el navegador utilizado por cada usuario para que el servidor recuerde cierta informaci\u00f3n que posteriormente [\u2026]","og_url":"https:\/\/belybel.com\/es\/politica-de-cookies\/","og_site_name":"Bel &amp; Bel","article_publisher":"https:\/\/www.facebook.com\/belybel.artworks\/","article_modified_time":"2021-03-08T12:27:01+00:00","twitter_card":"summary_large_image","twitter_misc":{"Tiempo de lectura":"1 minuto"},"schema":{"@context":"https:\/\/schema.org","@graph":[{"@type":"WebPage","@id":"https:\/\/belybel.com\/es\/politica-de-cookies\/","url":"https:\/\/belybel.com\/es\/politica-de-cookies\/","name":"Pol\u00edtica de cookies - Bel &amp; Bel","isPartOf":{"@id":"https:\/\/belybel.com\/es\/#website"},"datePublished":"2021-03-08T12:12:38+00:00","dateModified":"2021-03-08T12:27:01+00:00","breadcrumb":{"@id":"https:\/\/belybel.com\/es\/politica-de-cookies\/#breadcrumb"},"inLanguage":"es","potentialAction":[{"@type":"ReadAction","target":["https:\/\/belybel.com\/es\/politica-de-cookies\/"]}]},{"@type":"BreadcrumbList","@id":"https:\/\/belybel.com\/es\/politica-de-cookies\/#breadcrumb","itemListElement":[{"@type":"ListItem","position":1,"name":"Home","item":"https:\/\/belybel.com\/es\/"},{"@type":"ListItem","position":2,"name":"Pol\u00edtica de cookies"}]},{"@type":"WebSite","@id":"https:\/\/belybel.com\/es\/#website","url":"https:\/\/belybel.com\/es\/","name":"Bel &amp; Bel","description":"Creative Studio","publisher":{"@id":"https:\/\/belybel.com\/es\/#organization"},"potentialAction":[{"@type":"SearchAction","target":{"@type":"EntryPoint","urlTemplate":"https:\/\/belybel.com\/es\/?s={search_term_string}"},"query-input":{"@type":"PropertyValueSpecification","valueRequired":true,"valueName":"search_term_string"}}],"inLanguage":"es"},{"@type":"Organization","@id":"https:\/\/belybel.com\/es\/#organization","name":"Bel&Bel Creative Studio","url":"https:\/\/belybel.com\/es\/","logo":{"@type":"ImageObject","inLanguage":"es","@id":"https:\/\/belybel.com\/es\/#\/schema\/logo\/image\/","url":"https:\/\/belybel.com\/wp-content\/uploads\/2018\/01\/logo_blanco.png","contentUrl":"https:\/\/belybel.com\/wp-content\/uploads\/2018\/01\/logo_blanco.png","width":142,"height":29,"caption":"Bel&Bel Creative Studio"},"image":{"@id":"https:\/\/belybel.com\/es\/#\/schema\/logo\/image\/"},"sameAs":["https:\/\/www.facebook.com\/belybel.artworks\/","https:\/\/www.instagram.com\/belybel_artworks\/","https:\/\/www.pinterest.com\/belybel\/","https:\/\/www.youtube.com\/user\/belybelfactory"]}]}},"_links":{"self":[{"href":"https:\/\/belybel.com\/es\/wp-json\/wp\/v2\/pages\/2078","targetHints":{"allow":["GET"]}}],"collection":[{"href":"https:\/\/belybel.com\/es\/wp-json\/wp\/v2\/pages"}],"about":[{"href":"https:\/\/belybel.com\/es\/wp-json\/wp\/v2\/types\/page"}],"author":[{"embeddable":true,"href":"https:\/\/belybel.com\/es\/wp-json\/wp\/v2\/users\/1"}],"replies":[{"embeddable":true,"href":"https:\/\/belybel.com\/es\/wp-json\/wp\/v2\/comments?post=2078"}],"version-history":[{"count":4,"href":"https:\/\/belybel.com\/es\/wp-json\/wp\/v2\/pages\/2078\/revisions"}],"predecessor-version":[{"id":2092,"href":"https:\/\/belybel.com\/es\/wp-json\/wp\/v2\/pages\/2078\/revisions\/2092"}],"wp:attachment":[{"href":"https:\/\/belybel.com\/es\/wp-json\/wp\/v2\/media?parent=2078"}],"curies":[{"name":"wp","href":"https:\/\/api.w.org\/{rel}","templated":true}]}}