{"id":1519,"date":"2018-05-02T02:45:35","date_gmt":"2018-05-02T02:45:35","guid":{"rendered":"https:\/\/belybel.com\/alrededor-del-mundo\/"},"modified":"2023-09-26T16:29:37","modified_gmt":"2023-09-26T14:29:37","slug":"alrededor-del-mundo","status":"publish","type":"page","link":"https:\/\/belybel.com\/es\/alrededor-del-mundo\/","title":{"rendered":"ALREDEDOR DEL MUNDO"},"content":{"rendered":"<div class=\"wpb-content-wrapper\"><p>[vc_row full_width=\u00bbstretch_row_content\u00bb][vc_column][vc_empty_space height=\u00bb20px\u00bb][vc_custom_heading text=\u00bbBEL&amp;BEL ALREDEDOR DEL MUNDO\u00bb font_container=\u00bbtag:h1|font_size:30|text_align:center\u00bb use_theme_fonts=\u00bbyes\u00bb][vc_separator color=\u00bbcustom\u00bb el_width=\u00bb20&#8243; accent_color=\u00bb#fafa14&#8243;][vc_empty_space height=\u00bb20px\u00bb][vc_row_inner equal_height=\u00bbyes\u00bb content_placement=\u00bbmiddle\u00bb][vc_column_inner offset=\u00bbvc_col-lg-12 vc_col-md-12 vc_col-xs-12&#8243;][vc_gmaps link=\u00bb#E-8_JTNDaWZyYW1lJTIwc3JjJTNEJTIyaHR0cHMlM0ElMkYlMkZzbmF6enltYXBzLmNvbSUyRmVtYmVkJTJGMTk1NiUyMiUyMHdpZHRoJTNEJTIyMTAwJTI1JTIyJTIwaGVpZ2h0JTNEJTIyNjAwcHglMjIlMjBzdHlsZSUzRCUyMmJvcmRlciUzQW5vbmUlM0IlMjIlM0UlM0MlMkZpZnJhbWUlM0U=\u00bb size=\u00bb\u00bb][vc_single_image image=\u00bb1778&#8243; img_size=\u00bbfull\u00bb alignment=\u00bbcenter\u00bb][\/vc_column_inner][\/vc_row_inner][\/vc_column][\/vc_row][vc_row][vc_column width=\u00bb1\/3&#8243; offset=\u00bbvc_col-xs-12&#8243;][vc_single_image image=\u00bb729&#8243; img_size=\u00bbfull\u00bb alignment=\u00bbcenter\u00bb][\/vc_column][vc_column width=\u00bb2\/3&#8243; offset=\u00bbvc_col-lg-offset-0 vc_col-md-offset-0 vc_col-sm-offset-0 vc_col-xs-12&#8243;][vc_custom_heading text=\u00bbHOTEL VIRGIN CHICAGO\u00bb font_container=\u00bbtag:h2|text_align:center\u00bb use_theme_fonts=\u00bbyes\u00bb][vc_column_text]<br \/>\n<span style=\"font-weight: 400;\">El primer\u00a0<\/span><b><i>Hotel Virgin<\/i>\u00a0<\/b><span style=\"font-weight: 400;\">del mundo, situado en Chicago, es una toda una declaraci\u00f3n de dise\u00f1o moderno, con una est\u00e9tica muy personal, limpia, y cool, donde la funcionalidad y el confort se han combinado a la perfecci\u00f3n para ofrecer una experiencia \u00fanica a sus hu\u00e9spedes. El hotel esta situado en el centro hist\u00f3rico de Chicago, en el antiguo edificio del Dearborn Bank, uno de los iconos de la historia de Chicago. Bel&amp;Bel est\u00e1n presentes en todas las suites del hotel con su m\u00edtica Scooter Chair, personalmente elegida por Richard Branson. Hechas en base a las especificaciones del grupo virgin, las Scooter Chair han sido pintadas con el reconocible rojo Virgin, y han sido tapizadas con cuero en color crema.\u00a0\u00a0<\/span><br \/>\n[\/vc_column_text][vc_btn title=\u00bbLEER MAS\u00bb style=\u00bboutline-custom\u00bb outline_custom_color=\u00bb#000000&#8243; outline_custom_hover_background=\u00bb#eeee22&#8243; outline_custom_hover_text=\u00bb#000000&#8243; align=\u00bbcenter\u00bb css=\u00bb.vc_custom_1517631292319{background-position: 0 0 !important;background-repeat: no-repeat !important;}\u00bb link=\u00bburl:https%3A%2F%2Fbelybel.com%2Fnew-virgin-hotel-chicago%2F|\u00bb][\/vc_column][\/vc_row][vc_row][vc_column width=\u00bb1\/3&#8243; offset=\u00bbvc_col-xs-12&#8243;][vc_single_image image=\u00bb759&#8243; img_size=\u00bbfull\u00bb alignment=\u00bbcenter\u00bb][\/vc_column][vc_column width=\u00bb2\/3&#8243; offset=\u00bbvc_col-xs-12&#8243;][vc_custom_heading text=\u00bbGOOGLE NEW YORK\u00bb font_container=\u00bbtag:h2|text_align:center\u00bb use_theme_fonts=\u00bbyes\u00bb][vc_column_text]<br \/>\nEs dificil\u00a0que pasen desapercibidos, ya que probablemente todo el mundo en este planeta les conoce. Google no es solo conocido por su buscador o la infinita colecci\u00f3n de aplicaciones que posee. El gigante tecnol\u00f3gico tambi\u00e9n es famoso por el compromiso que tiene con sus jovenes y entusiasmados trabajadores. Est\u00e1 cientificamente probado como los colores, las formas y las texturas pueden tener un impacto positivo en la productividad. Con esto en mente, Google se acerc\u00f3 a Bel&amp;Bel para que ayudaramos a decorar las nueva zona del restaurante de sus oficinas. Con una premisa de colores basicos y formas redondeadas, Bel&amp;Bel propuso la Scooter Chair como elemento central de un espacio tan importante, el comedor, lugar inevitable de reuniones y desconexi\u00f3n.<br \/>\n[\/vc_column_text][vc_btn title=\u00bbLEER MAS\u00bb style=\u00bboutline-custom\u00bb outline_custom_color=\u00bb#000000&#8243; outline_custom_hover_background=\u00bb#fafa14&#8243; outline_custom_hover_text=\u00bb#000000&#8243; align=\u00bbcenter\u00bb css=\u00bb.vc_custom_1526698898125{background-position: 0 0 !important;background-repeat: no-repeat !important;}\u00bb link=\u00bburl:https%3A%2F%2Fbelybel.com%2Fbelandbel-in-google-offices%2F|\u00bb][\/vc_column][\/vc_row][vc_row][vc_column width=\u00bb1\/3&#8243; offset=\u00bbvc_col-xs-12&#8243;][vc_single_image image=\u00bb764&#8243; img_size=\u00bbfull\u00bb alignment=\u00bbcenter\u00bb][\/vc_column][vc_column width=\u00bb2\/3&#8243; offset=\u00bbvc_col-xs-12&#8243;][vc_custom_heading text=\u00bbDO&#8217;ROLAND PORTO\u00bb font_container=\u00bbtag:h2|text_align:center\u00bb use_theme_fonts=\u00bbyes\u00bb][vc_column_text]<br \/>\nDo&#8217;Roland es nuestro distribuidor oficial en Portugal desde 2017. Rui Ferreira, due\u00f1o y parte esencial de esta compa\u00f1ia, decidi\u00f3 incluir los productos de Bel&amp;Bel como pieza esencial de su negocio. Con el Rio Duero de fondo, Do&#8217;Roland ofrece actividades de ocio y turismo, siendo las excursiones con la Z-Scooter una pieza indudable de su oferta.\u00a0 Haz una visita a lo largo de Vilanova de Gaia, a lo largo de las orillas del rio Duero, visita sus bodegas, y mezclate con los locales en sus calles empedradas, todo a bordo de tu Z-Scooter o tu Movi. Bel&amp;Bel tambi\u00e9n est\u00e1 presente con su Vehicle Furniture en el centrico showroom del que dispone Do&#8217;Roland en el que muestra casi todas nuestras piezas.<br \/>\n[\/vc_column_text][vc_btn title=\u00bbLEER MAS\u00bb style=\u00bboutline-custom\u00bb outline_custom_color=\u00bb#000000&#8243; outline_custom_hover_background=\u00bb#fafa14&#8243; outline_custom_hover_text=\u00bb#000000&#8243; align=\u00bbcenter\u00bb css=\u00bb.vc_custom_1525229985413{background-position: 0 0 !important;background-repeat: no-repeat !important;}\u00bb link=\u00bburl:https%3A%2F%2Fbelybel.com%2Fdoroland-and-belandbel-in-portugal%2F|\u00bb][\/vc_column][\/vc_row][vc_row][vc_column width=\u00bb1\/3&#8243; offset=\u00bbvc_col-xs-12&#8243;][vc_single_image image=\u00bb762&#8243; img_size=\u00bbfull\u00bb alignment=\u00bbcenter\u00bb][\/vc_column][vc_column width=\u00bb2\/3&#8243; offset=\u00bbvc_col-xs-12&#8243;][vc_custom_heading text=\u00bbCLASSICO TAIWAN\u00bb font_container=\u00bbtag:h2|text_align:center\u00bb use_theme_fonts=\u00bbyes\u00bb][vc_column_text]<br \/>\nCon una\u00a0filosofia inefable de cl\u00e1sicos artesanales, Classico ofrece un nuevo estilo de &#8216;concept store&#8217; en el coraz\u00f3n de Taiwan. Aunque es una tienda fisicamente peque\u00f1a, Classico muestra algunas de las creaciones m\u00e1s originales y elegantes del momento. Desde moda a decoraci\u00f3n, esta tienda es visita obligatoria para cualquier coleccionista que se precie. Bel&amp;Bel esta presente en Classico con nuestra mitica Scooter Chair, la cual ocupa una posici\u00f3n primordial como una de las joyas de la corona.<br \/>\n[\/vc_column_text][vc_btn title=\u00bbLEER MAS\u00bb style=\u00bboutline-custom\u00bb outline_custom_color=\u00bb#000000&#8243; outline_custom_hover_background=\u00bb#fafa14&#8243; outline_custom_hover_text=\u00bb#000000&#8243; align=\u00bbcenter\u00bb css=\u00bb.vc_custom_1525587720661{background-position: 0 0 !important;background-repeat: no-repeat !important;}\u00bb link=\u00bburl:https%3A%2F%2Fbelybel.com%2Fbelandbel-and-classico-taipei-taiwan%2F|\u00bb][\/vc_column][\/vc_row][vc_row][vc_column width=\u00bb1\/3&#8243; offset=\u00bbvc_col-xs-12&#8243;][vc_single_image image=\u00bb766&#8243; img_size=\u00bbfull\u00bb alignment=\u00bbcenter\u00bb][\/vc_column][vc_column width=\u00bb2\/3&#8243; offset=\u00bbvc_col-xs-12&#8243;][vc_custom_heading text=\u00bbLA GU\u00caPE MOBILE ST. TROPEZ\u00bb font_container=\u00bbtag:h2|text_align:center\u00bb use_theme_fonts=\u00bbyes\u00bb][vc_column_text]<br \/>\nLa famosa\u00a0villa francesa de St. Tropez, repleta con las sutilezas y extravagancias de sus visitantes durante los meses de verano, es el hogar de La Gu\u00eape Mobile. Distribuidores de Bel&amp;Bel desde 2015,\u00a0La Gu\u00eape Mobile ofrece bellas excursiones a lo largo y ancho de este hermoso pueblo y tiene una de las mayores colecciones permanentes de las creaciones de Bel&amp;Bel. aparte de poder comprar o alquilar tu Z-Scooter, tambi\u00e9n podras encontrar una gran variedad de piezas de nuestra colecci\u00f3n Vehicle Furniture. Piezas como la Scooter Chair, el Car Desk 132, Spider Side Panels o algunas de nuestras Custom Lamps estan disponibles en esta hermosa y centrica tienda.<br \/>\n[\/vc_column_text][vc_btn title=\u00bbLEER MAS\u00bb style=\u00bboutline-custom\u00bb outline_custom_color=\u00bb#000000&#8243; outline_custom_hover_background=\u00bb#fafa14&#8243; outline_custom_hover_text=\u00bb#000000&#8243; align=\u00bbcenter\u00bb css=\u00bb.vc_custom_1525229298204{background-position: 0 0 !important;background-repeat: no-repeat !important;}\u00bb link=\u00bburl:https%3A%2F%2Fbelybel.com%2Fbelandbel-la-guepe-mobile%2F|\u00bb][\/vc_column][\/vc_row]<\/p>\n<\/div>","protected":false},"excerpt":{"rendered":"<p>[vc_row full_width=\u00bbstretch_row_content\u00bb][vc_column][vc_empty_space height=\u00bb20px\u00bb][vc_custom_heading text=\u00bbBEL&amp;BEL ALREDEDOR DEL MUNDO\u00bb font_container=\u00bbtag:h1|font_size:30|text_align:center\u00bb use_theme_fonts=\u00bbyes\u00bb][vc_separator color=\u00bbcustom\u00bb el_width=\u00bb20&#8243; accent_color=\u00bb#fafa14&#8243;][vc_empty_space height=\u00bb20px\u00bb][vc_row_inner equal_height=\u00bbyes\u00bb content_placement=\u00bbmiddle\u00bb][vc_column_inner offset=\u00bbvc_col-lg-12 vc_col-md-12 vc_col-xs-12&#8243;][vc_gmaps link=\u00bb#E-8_JTNDaWZyYW1lJTIwc3JjJTNEJTIyaHR0cHMlM0ElMkYlMkZzbmF6enltYXBzLmNvbSUyRmVtYmVkJTJGMTk1NiUyMiUyMHdpZHRoJTNEJTIyMTAwJTI1JTIyJTIwaGVpZ2h0JTNEJTIyNjAwcHglMjIlMjBzdHlsZSUzRCUyMmJvcmRlciUzQW5vbmUlM0IlMjIlM0UlM0MlMkZpZnJhbWUlM0U=\u00bb size=\u00bb\u00bb][vc_single_image image=\u00bb1778&#8243; img_size=\u00bbfull\u00bb alignment=\u00bbcenter\u00bb][\/vc_column_inner][\/vc_row_inner][\/vc_column][\/vc_row][vc_row][vc_column width=\u00bb1\/3&#8243; offset=\u00bbvc_col-xs-12&#8243;][vc_single_image image=\u00bb729&#8243;<span class=\"excerpt-hellip\"> [\u2026]<\/span><\/p>\n","protected":false},"author":1,"featured_media":0,"parent":0,"menu_order":4,"comment_status":"closed","ping_status":"closed","template":"","meta":{"footnotes":""},"class_list":["post-1519","page","type-page","status-publish","hentry"],"yoast_head":"<!-- This site is optimized with the Yoast SEO plugin v27.3 - https:\/\/yoast.com\/product\/yoast-seo-wordpress\/ -->\n<title>Alrededor del Mundo | Distribuidores y Tiendas | Bel&amp;Bel Estudio Creativo<\/title>\n<meta name=\"description\" content=\"Encuentra Bel&amp;Bel en cualquier lugar del mundo con la lista de los distribuidores, tiendas y showrooms m\u00e1s importantes alrededor del mundo.\" \/>\n<meta name=\"robots\" content=\"index, follow, max-snippet:-1, max-image-preview:large, max-video-preview:-1\" \/>\n<link rel=\"canonical\" href=\"https:\/\/belybel.com\/es\/alrededor-del-mundo\/\" \/>\n<meta property=\"og:locale\" content=\"es_ES\" \/>\n<meta property=\"og:type\" content=\"article\" \/>\n<meta property=\"og:title\" content=\"Alrededor del Mundo | Distribuidores y Tiendas | Bel&amp;Bel Estudio Creativo\" \/>\n<meta property=\"og:description\" content=\"Encuentra Bel&amp;Bel en cualquier lugar del mundo con la lista de los distribuidores, tiendas y showrooms m\u00e1s importantes alrededor del mundo.\" \/>\n<meta property=\"og:url\" content=\"https:\/\/belybel.com\/es\/alrededor-del-mundo\/\" \/>\n<meta property=\"og:site_name\" content=\"Bel &amp; Bel\" \/>\n<meta property=\"article:publisher\" content=\"https:\/\/www.facebook.com\/belybel.artworks\/\" \/>\n<meta property=\"article:modified_time\" content=\"2023-09-26T14:29:37+00:00\" \/>\n<meta name=\"twitter:card\" content=\"summary_large_image\" \/>\n<meta name=\"twitter:label1\" content=\"Tiempo de lectura\" \/>\n\t<meta name=\"twitter:data1\" content=\"4 minutos\" \/>\n<script type=\"application\/ld+json\" class=\"yoast-schema-graph\">{\"@context\":\"https:\\\/\\\/schema.org\",\"@graph\":[{\"@type\":\"WebPage\",\"@id\":\"https:\\\/\\\/belybel.com\\\/es\\\/alrededor-del-mundo\\\/\",\"url\":\"https:\\\/\\\/belybel.com\\\/es\\\/alrededor-del-mundo\\\/\",\"name\":\"Alrededor del Mundo | Distribuidores y Tiendas | Bel&Bel Estudio Creativo\",\"isPartOf\":{\"@id\":\"https:\\\/\\\/belybel.com\\\/es\\\/#website\"},\"datePublished\":\"2018-05-02T02:45:35+00:00\",\"dateModified\":\"2023-09-26T14:29:37+00:00\",\"description\":\"Encuentra Bel&Bel en cualquier lugar del mundo con la lista de los distribuidores, tiendas y showrooms m\u00e1s importantes alrededor del mundo.\",\"breadcrumb\":{\"@id\":\"https:\\\/\\\/belybel.com\\\/es\\\/alrededor-del-mundo\\\/#breadcrumb\"},\"inLanguage\":\"es\",\"potentialAction\":[{\"@type\":\"ReadAction\",\"target\":[\"https:\\\/\\\/belybel.com\\\/es\\\/alrededor-del-mundo\\\/\"]}]},{\"@type\":\"BreadcrumbList\",\"@id\":\"https:\\\/\\\/belybel.com\\\/es\\\/alrededor-del-mundo\\\/#breadcrumb\",\"itemListElement\":[{\"@type\":\"ListItem\",\"position\":1,\"name\":\"Home\",\"item\":\"https:\\\/\\\/belybel.com\\\/es\\\/\"},{\"@type\":\"ListItem\",\"position\":2,\"name\":\"ALREDEDOR DEL MUNDO\"}]},{\"@type\":\"WebSite\",\"@id\":\"https:\\\/\\\/belybel.com\\\/es\\\/#website\",\"url\":\"https:\\\/\\\/belybel.com\\\/es\\\/\",\"name\":\"Bel &amp; Bel\",\"description\":\"Creative Studio\",\"publisher\":{\"@id\":\"https:\\\/\\\/belybel.com\\\/es\\\/#organization\"},\"potentialAction\":[{\"@type\":\"SearchAction\",\"target\":{\"@type\":\"EntryPoint\",\"urlTemplate\":\"https:\\\/\\\/belybel.com\\\/es\\\/?s={search_term_string}\"},\"query-input\":{\"@type\":\"PropertyValueSpecification\",\"valueRequired\":true,\"valueName\":\"search_term_string\"}}],\"inLanguage\":\"es\"},{\"@type\":\"Organization\",\"@id\":\"https:\\\/\\\/belybel.com\\\/es\\\/#organization\",\"name\":\"Bel&Bel Creative Studio\",\"url\":\"https:\\\/\\\/belybel.com\\\/es\\\/\",\"logo\":{\"@type\":\"ImageObject\",\"inLanguage\":\"es\",\"@id\":\"https:\\\/\\\/belybel.com\\\/es\\\/#\\\/schema\\\/logo\\\/image\\\/\",\"url\":\"https:\\\/\\\/belybel.com\\\/wp-content\\\/uploads\\\/2018\\\/01\\\/logo_blanco.png\",\"contentUrl\":\"https:\\\/\\\/belybel.com\\\/wp-content\\\/uploads\\\/2018\\\/01\\\/logo_blanco.png\",\"width\":142,\"height\":29,\"caption\":\"Bel&Bel Creative Studio\"},\"image\":{\"@id\":\"https:\\\/\\\/belybel.com\\\/es\\\/#\\\/schema\\\/logo\\\/image\\\/\"},\"sameAs\":[\"https:\\\/\\\/www.facebook.com\\\/belybel.artworks\\\/\",\"https:\\\/\\\/www.instagram.com\\\/belybel_artworks\\\/\",\"https:\\\/\\\/www.pinterest.com\\\/belybel\\\/\",\"https:\\\/\\\/www.youtube.com\\\/user\\\/belybelfactory\"]}]}<\/script>\n<!-- \/ Yoast SEO plugin. -->","yoast_head_json":{"title":"Alrededor del Mundo | Distribuidores y Tiendas | Bel&Bel Estudio Creativo","description":"Encuentra Bel&Bel en cualquier lugar del mundo con la lista de los distribuidores, tiendas y showrooms m\u00e1s importantes alrededor del mundo.","robots":{"index":"index","follow":"follow","max-snippet":"max-snippet:-1","max-image-preview":"max-image-preview:large","max-video-preview":"max-video-preview:-1"},"canonical":"https:\/\/belybel.com\/es\/alrededor-del-mundo\/","og_locale":"es_ES","og_type":"article","og_title":"Alrededor del Mundo | Distribuidores y Tiendas | Bel&Bel Estudio Creativo","og_description":"Encuentra Bel&Bel en cualquier lugar del mundo con la lista de los distribuidores, tiendas y showrooms m\u00e1s importantes alrededor del mundo.","og_url":"https:\/\/belybel.com\/es\/alrededor-del-mundo\/","og_site_name":"Bel &amp; Bel","article_publisher":"https:\/\/www.facebook.com\/belybel.artworks\/","article_modified_time":"2023-09-26T14:29:37+00:00","twitter_card":"summary_large_image","twitter_misc":{"Tiempo de lectura":"4 minutos"},"schema":{"@context":"https:\/\/schema.org","@graph":[{"@type":"WebPage","@id":"https:\/\/belybel.com\/es\/alrededor-del-mundo\/","url":"https:\/\/belybel.com\/es\/alrededor-del-mundo\/","name":"Alrededor del Mundo | Distribuidores y Tiendas | Bel&Bel Estudio Creativo","isPartOf":{"@id":"https:\/\/belybel.com\/es\/#website"},"datePublished":"2018-05-02T02:45:35+00:00","dateModified":"2023-09-26T14:29:37+00:00","description":"Encuentra Bel&Bel en cualquier lugar del mundo con la lista de los distribuidores, tiendas y showrooms m\u00e1s importantes alrededor del mundo.","breadcrumb":{"@id":"https:\/\/belybel.com\/es\/alrededor-del-mundo\/#breadcrumb"},"inLanguage":"es","potentialAction":[{"@type":"ReadAction","target":["https:\/\/belybel.com\/es\/alrededor-del-mundo\/"]}]},{"@type":"BreadcrumbList","@id":"https:\/\/belybel.com\/es\/alrededor-del-mundo\/#breadcrumb","itemListElement":[{"@type":"ListItem","position":1,"name":"Home","item":"https:\/\/belybel.com\/es\/"},{"@type":"ListItem","position":2,"name":"ALREDEDOR DEL MUNDO"}]},{"@type":"WebSite","@id":"https:\/\/belybel.com\/es\/#website","url":"https:\/\/belybel.com\/es\/","name":"Bel &amp; Bel","description":"Creative Studio","publisher":{"@id":"https:\/\/belybel.com\/es\/#organization"},"potentialAction":[{"@type":"SearchAction","target":{"@type":"EntryPoint","urlTemplate":"https:\/\/belybel.com\/es\/?s={search_term_string}"},"query-input":{"@type":"PropertyValueSpecification","valueRequired":true,"valueName":"search_term_string"}}],"inLanguage":"es"},{"@type":"Organization","@id":"https:\/\/belybel.com\/es\/#organization","name":"Bel&Bel Creative Studio","url":"https:\/\/belybel.com\/es\/","logo":{"@type":"ImageObject","inLanguage":"es","@id":"https:\/\/belybel.com\/es\/#\/schema\/logo\/image\/","url":"https:\/\/belybel.com\/wp-content\/uploads\/2018\/01\/logo_blanco.png","contentUrl":"https:\/\/belybel.com\/wp-content\/uploads\/2018\/01\/logo_blanco.png","width":142,"height":29,"caption":"Bel&Bel Creative Studio"},"image":{"@id":"https:\/\/belybel.com\/es\/#\/schema\/logo\/image\/"},"sameAs":["https:\/\/www.facebook.com\/belybel.artworks\/","https:\/\/www.instagram.com\/belybel_artworks\/","https:\/\/www.pinterest.com\/belybel\/","https:\/\/www.youtube.com\/user\/belybelfactory"]}]}},"_links":{"self":[{"href":"https:\/\/belybel.com\/es\/wp-json\/wp\/v2\/pages\/1519","targetHints":{"allow":["GET"]}}],"collection":[{"href":"https:\/\/belybel.com\/es\/wp-json\/wp\/v2\/pages"}],"about":[{"href":"https:\/\/belybel.com\/es\/wp-json\/wp\/v2\/types\/page"}],"author":[{"embeddable":true,"href":"https:\/\/belybel.com\/es\/wp-json\/wp\/v2\/users\/1"}],"replies":[{"embeddable":true,"href":"https:\/\/belybel.com\/es\/wp-json\/wp\/v2\/comments?post=1519"}],"version-history":[{"count":35,"href":"https:\/\/belybel.com\/es\/wp-json\/wp\/v2\/pages\/1519\/revisions"}],"predecessor-version":[{"id":2560,"href":"https:\/\/belybel.com\/es\/wp-json\/wp\/v2\/pages\/1519\/revisions\/2560"}],"wp:attachment":[{"href":"https:\/\/belybel.com\/es\/wp-json\/wp\/v2\/media?parent=1519"}],"curies":[{"name":"wp","href":"https:\/\/api.w.org\/{rel}","templated":true}]}}