{"id":1163,"date":"2018-03-09T04:05:48","date_gmt":"2018-03-09T04:05:48","guid":{"rendered":"https:\/\/belybel.com\/nuestra-historia\/"},"modified":"2021-03-08T12:39:05","modified_gmt":"2021-03-08T11:39:05","slug":"nuestra-historia","status":"publish","type":"page","link":"https:\/\/belybel.com\/es\/nuestra-historia\/","title":{"rendered":"NUESTRA HISTORIA"},"content":{"rendered":"<div class=\"wpb-content-wrapper\"><p>[vc_row full_width=\u00bbstretch_row_content_no_spaces\u00bb full_height=\u00bbyes\u00bb columns_placement=\u00bbstretch\u00bb equal_height=\u00bbyes\u00bb content_placement=\u00bbmiddle\u00bb parallax=\u00bbcontent-moving\u00bb parallax_image=\u00bb600&#8243; css=\u00bb.vc_custom_1515090965327{background-position: center;background-repeat: no-repeat !important;background-size: cover !important;}\u00bb][vc_column css=\u00bb.vc_custom_1507010580125{background-color: rgba(0,0,0,0.44) !important;background-position: center !important;background-repeat: no-repeat !important;background-size: cover !important;*background-color: rgb(0,0,0) !important;}\u00bb][vc_column_text]<\/p>\n<h1 style=\"text-align: center;\"><span style=\"color: #ffffff;\">NUESTRA HISTORIA<\/span><\/h1>\n<p>[\/vc_column_text][\/vc_column][\/vc_row][vc_row][vc_column width=\u00bb1\/4&#8243;][\/vc_column][vc_column width=\u00bb1\/2&#8243;][vc_single_image image=\u00bb273&#8243; img_size=\u00bbfull\u00bb alignment=\u00bbcenter\u00bb][\/vc_column][vc_column width=\u00bb1\/4&#8243;][\/vc_column][\/vc_row][vc_row full_width=\u00bbstretch_row\u00bb css=\u00bb.vc_custom_1507008239112{background-color: #000000 !important;}\u00bb][vc_column][vc_custom_heading text=\u00bbBIO\u00bb font_container=\u00bbtag:h2|text_align:center|color:%23ffffff\u00bb use_theme_fonts=\u00bbyes\u00bb][vc_separator color=\u00bbcustom\u00bb el_width=\u00bb20&#8243; accent_color=\u00bb#fafa14&#8243;][vc_column_text]<span style=\"color: #ffffff;\">Bel&amp;Bel es un estudio-taller fundado en 2005 por\u00a0 nosotros, los artistas y dise\u00f1adores Jes\u00fas Bel y Carles Bel. Ambos, licenciados en Bellas Artes por la Universidad de Barcelona, pronto nos dimos cuenta de que nos un\u00edan m\u00e1s cosas adem\u00e1s del apellido. Esta curiosa coincidencia ya no la pudimos disociar de nuestro proyecto com\u00fan y la incorporamos a nuestro nombre.<\/span><\/p>\n<p><span style=\"color: #ffffff;\">Nuestro proyecto empez\u00f3 con la readaptaci\u00f3n de objetos viejos en piezas funcionales y, cada vez m\u00e1s, fuimos cuidando los dise\u00f1os finales y proyect\u00e1ndolos en piezas m\u00e1s personales, m\u00e1s innovadoras, m\u00e1s tecnol\u00f3gicas y adaptadas al cliente. Con esta misma filosof\u00eda y despu\u00e9s de diez a\u00f1os hemos conseguido posicionar Bel&amp;Bel como una marca de dise\u00f1o de piezas \u00fanicas y series limitadas con un estilo propio muy reconocible. Nuestras obras han sido incluidas en exposiciones internacionales de Arte y Dise\u00f1o y tambi\u00e9n en reportajes de grandes medios de comunicaci\u00f3n. Esta expansi\u00f3n ha convertido a Bel&amp;Bel en una firma conocida en todo el mundo. Una marca asociada con un estilo de \u201csupra-reciclaje\u201d de alto standing.<\/span><\/p>\n<p><span style=\"color: #ffffff;\">El taller\/estudio\/showroom se encuentra en Barcelona, ubicado en una\u00a0<i>masia<\/i>\u00a0del S. XVII que, despu\u00e9s de un profundo proceso de reforma y rehabilitaci\u00f3n, se ha convertido en un espacio creativo y polivalente, donde desarrollamos nuestras creaciones. Desde la apertura de este espacio hemos intentado que nuestro estudio sea un lugar de encuentro con otros artistas, cineastas, m\u00fasicos, dise\u00f1adores y otros creadores con los que descubrir puntos en com\u00fan, con la intenci\u00f3n de colaborar y compartir diferentes proyectos.<\/span><\/p>\n<p><span style=\"color: #ffffff;\">En 2015, gracias a nuestra visi\u00f3n cada vez m\u00e1s global y al inter\u00e9s creciente que suscitan nuestras piezas, damos un paso adelante y decidimos contar con la colaboraci\u00f3n fija de dos buenos amigos, Sebastian Perez &amp; Roger Amat que nos ayudan a convertir Bel&amp;Bel en un equipo con mayores posibilidades productivas.<\/span>[\/vc_column_text][vc_empty_space height=\u00bb20px\u00bb][\/vc_column][\/vc_row][vc_row][vc_column][vc_zigzag color=\u00bbcustom\u00bb el_width=\u00bb20&#8243; custom_color=\u00bb#fafa14&#8243;][vc_column_text]<\/p>\n<h3 style=\"text-align: center;\">EL EQUIPO<br \/>\nCarles Bel \u2013 Artist Co-Fundador<br \/>\nJesus Bel \u2013 Artist, Co-Fundador<br \/>\nSebastian Perez\u2013 Ingenieria<br \/>\nRoger Amat \u2013 Dise\u00f1ador Gr\u00e1fico<\/h3>\n<p>[\/vc_column_text][vc_zigzag color=\u00bbcustom\u00bb el_width=\u00bb20&#8243; custom_color=\u00bb#fafa14&#8243;][\/vc_column][\/vc_row][vc_row full_width=\u00bbstretch_row\u00bb css=\u00bb.vc_custom_1507008232021{background-color: #000000 !important;}\u00bb][vc_column][vc_custom_heading text=\u00bbFILOSOFIA\u00bb font_container=\u00bbtag:h2|text_align:center|color:%23ffffff\u00bb use_theme_fonts=\u00bbyes\u00bb][vc_separator color=\u00bbcustom\u00bb el_width=\u00bb20&#8243; accent_color=\u00bb#fafa14&#8243;][vc_column_text]<\/p>\n<p style=\"text-align: left;\"><span style=\"color: #ffffff;\">La decisi\u00f3n inicial de trabajar con materiales de deshecho naci\u00f3 de un pensamiento principalmente ecol\u00f3gico: el reciclaje.<\/span><\/p>\n<p style=\"text-align: left;\"><span style=\"color: #ffffff;\">Estamos rodeados por objetos que caen en desuso. Todo el mundo se desprende de aquello que ya no le interesa y de lo que le aburre (siempre que la obsolescencia programada no lo haga antes por ellos). Adem\u00e1s, creemos que algunas l\u00edneas del dise\u00f1o pasado siguen teniendo el mismo o m\u00e1s valor que las actuales y se les puede dar un nuevo uso, una nueva vida, m\u00e1s art\u00edstica y duradera.<\/span><\/p>\n<p style=\"text-align: left;\"><span style=\"color: #ffffff;\">Apostamos por hacer piezas s\u00f3lidas y dise\u00f1os \u00fanicos que perduren a lo largo del tiempo en contraposici\u00f3n a la actual producci\u00f3n en masa. Creemos en una producci\u00f3n responsable.<\/span><\/p>\n<p style=\"text-align: left;\"><span style=\"color: #ffffff;\">Queremos exaltar tambi\u00e9n con nuestras piezas algunos de los dise\u00f1os del pasado que admiramos, como la m\u00edtica motocicleta de Corradino D\u2019Ascanio o nuestro querido SEAT 600, que de alguna manera fueron fabricados para durar toda vida.<\/span><\/p>\n<p style=\"text-align: left;\"><span style=\"color: #ffffff;\">Nuestra producci\u00f3n art\u00edstica pretende llamar la atenci\u00f3n sobre la llamada obsolescencia programada, fruto de la modernidad y hacia la que nos posicionamos totalmente contrarios.<\/span><\/p>\n<p style=\"text-align: left;\"><span style=\"color: #ffffff;\">As\u00ed pues, podemos hablar de \u201creciclaje creativo\u201d o \u201cupcycling\u201d donde se aplica el principio de las tres \u201cR\u201d (Reducir, Reutilizar, Reciclar), pero, ahora, con el uso de la tecnolog\u00eda punta y las energ\u00edas renovables.<\/span><\/p>\n<p style=\"text-align: left;\"><span style=\"color: #ffffff;\">En Bel&amp;Bel somos artistas, creativos y contempor\u00e1neos. Observamos, vivimos y adaptamos el arte y la tecnolog\u00eda a lo que nos rodea.<\/span><\/p>\n<p>[\/vc_column_text][vc_empty_space height=\u00bb20px\u00bb][\/vc_column][\/vc_row]<\/p>\n<\/div>","protected":false},"excerpt":{"rendered":"<p>[vc_row full_width=\u00bbstretch_row_content_no_spaces\u00bb full_height=\u00bbyes\u00bb columns_placement=\u00bbstretch\u00bb equal_height=\u00bbyes\u00bb content_placement=\u00bbmiddle\u00bb parallax=\u00bbcontent-moving\u00bb parallax_image=\u00bb600&#8243; css=\u00bb.vc_custom_1515090965327{background-position: center;background-repeat: no-repeat !important;background-size: cover !important;}\u00bb][vc_column css=\u00bb.vc_custom_1507010580125{background-color: rgba(0,0,0,0.44) !important;background-position: center !important;background-repeat: no-repeat !important;background-size: cover !important;*background-color: rgb(0,0,0) !important;}\u00bb][vc_column_text] NUESTRA<span class=\"excerpt-hellip\"> [\u2026]<\/span><\/p>\n","protected":false},"author":1,"featured_media":744,"parent":0,"menu_order":5,"comment_status":"closed","ping_status":"closed","template":"","meta":{"footnotes":""},"class_list":["post-1163","page","type-page","status-publish","has-post-thumbnail","hentry"],"yoast_head":"<!-- This site is optimized with the Yoast SEO plugin v27.3 - https:\/\/yoast.com\/product\/yoast-seo-wordpress\/ -->\n<title>NUESTRA HISTORIA - Bel &amp; Bel<\/title>\n<meta name=\"robots\" content=\"index, follow, max-snippet:-1, max-image-preview:large, max-video-preview:-1\" \/>\n<link rel=\"canonical\" href=\"https:\/\/belybel.com\/es\/nuestra-historia\/\" \/>\n<meta property=\"og:locale\" content=\"es_ES\" \/>\n<meta property=\"og:type\" content=\"article\" \/>\n<meta property=\"og:title\" content=\"NUESTRA HISTORIA - Bel &amp; Bel\" \/>\n<meta property=\"og:description\" content=\"[vc_row full_width=\u00bbstretch_row_content_no_spaces\u00bb full_height=\u00bbyes\u00bb columns_placement=\u00bbstretch\u00bb equal_height=\u00bbyes\u00bb content_placement=\u00bbmiddle\u00bb parallax=\u00bbcontent-moving\u00bb parallax_image=\u00bb600&#8243; css=\u00bb.vc_custom_1515090965327{background-position: center;background-repeat: no-repeat !important;background-size: cover !important;}\u00bb][vc_column css=\u00bb.vc_custom_1507010580125{background-color: rgba(0,0,0,0.44) !important;background-position: center !important;background-repeat: no-repeat !important;background-size: cover !important;*background-color: rgb(0,0,0) !important;}\u00bb][vc_column_text] NUESTRA [\u2026]\" \/>\n<meta property=\"og:url\" content=\"https:\/\/belybel.com\/es\/nuestra-historia\/\" \/>\n<meta property=\"og:site_name\" content=\"Bel &amp; Bel\" \/>\n<meta property=\"article:publisher\" content=\"https:\/\/www.facebook.com\/belybel.artworks\/\" \/>\n<meta property=\"article:modified_time\" content=\"2021-03-08T11:39:05+00:00\" \/>\n<meta property=\"og:image\" content=\"https:\/\/belybel.com\/wp-content\/uploads\/2017\/09\/BelBel-Creative-Studio-Upcycling-Studio-in-Barcelona-2.jpg\" \/>\n\t<meta property=\"og:image:width\" content=\"2011\" \/>\n\t<meta property=\"og:image:height\" content=\"1131\" \/>\n\t<meta property=\"og:image:type\" content=\"image\/jpeg\" \/>\n<meta name=\"twitter:card\" content=\"summary_large_image\" \/>\n<meta name=\"twitter:label1\" content=\"Tiempo de lectura\" \/>\n\t<meta name=\"twitter:data1\" content=\"4 minutos\" \/>\n<script type=\"application\/ld+json\" class=\"yoast-schema-graph\">{\"@context\":\"https:\\\/\\\/schema.org\",\"@graph\":[{\"@type\":\"WebPage\",\"@id\":\"https:\\\/\\\/belybel.com\\\/es\\\/nuestra-historia\\\/\",\"url\":\"https:\\\/\\\/belybel.com\\\/es\\\/nuestra-historia\\\/\",\"name\":\"NUESTRA HISTORIA - Bel &amp; Bel\",\"isPartOf\":{\"@id\":\"https:\\\/\\\/belybel.com\\\/es\\\/#website\"},\"primaryImageOfPage\":{\"@id\":\"https:\\\/\\\/belybel.com\\\/es\\\/nuestra-historia\\\/#primaryimage\"},\"image\":{\"@id\":\"https:\\\/\\\/belybel.com\\\/es\\\/nuestra-historia\\\/#primaryimage\"},\"thumbnailUrl\":\"https:\\\/\\\/belybel.com\\\/wp-content\\\/uploads\\\/2017\\\/09\\\/BelBel-Creative-Studio-Upcycling-Studio-in-Barcelona-2.jpg\",\"datePublished\":\"2018-03-09T04:05:48+00:00\",\"dateModified\":\"2021-03-08T11:39:05+00:00\",\"breadcrumb\":{\"@id\":\"https:\\\/\\\/belybel.com\\\/es\\\/nuestra-historia\\\/#breadcrumb\"},\"inLanguage\":\"es\",\"potentialAction\":[{\"@type\":\"ReadAction\",\"target\":[\"https:\\\/\\\/belybel.com\\\/es\\\/nuestra-historia\\\/\"]}]},{\"@type\":\"ImageObject\",\"inLanguage\":\"es\",\"@id\":\"https:\\\/\\\/belybel.com\\\/es\\\/nuestra-historia\\\/#primaryimage\",\"url\":\"https:\\\/\\\/belybel.com\\\/wp-content\\\/uploads\\\/2017\\\/09\\\/BelBel-Creative-Studio-Upcycling-Studio-in-Barcelona-2.jpg\",\"contentUrl\":\"https:\\\/\\\/belybel.com\\\/wp-content\\\/uploads\\\/2017\\\/09\\\/BelBel-Creative-Studio-Upcycling-Studio-in-Barcelona-2.jpg\",\"width\":2011,\"height\":1131},{\"@type\":\"BreadcrumbList\",\"@id\":\"https:\\\/\\\/belybel.com\\\/es\\\/nuestra-historia\\\/#breadcrumb\",\"itemListElement\":[{\"@type\":\"ListItem\",\"position\":1,\"name\":\"Home\",\"item\":\"https:\\\/\\\/belybel.com\\\/es\\\/\"},{\"@type\":\"ListItem\",\"position\":2,\"name\":\"NUESTRA HISTORIA\"}]},{\"@type\":\"WebSite\",\"@id\":\"https:\\\/\\\/belybel.com\\\/es\\\/#website\",\"url\":\"https:\\\/\\\/belybel.com\\\/es\\\/\",\"name\":\"Bel &amp; Bel\",\"description\":\"Creative Studio\",\"publisher\":{\"@id\":\"https:\\\/\\\/belybel.com\\\/es\\\/#organization\"},\"potentialAction\":[{\"@type\":\"SearchAction\",\"target\":{\"@type\":\"EntryPoint\",\"urlTemplate\":\"https:\\\/\\\/belybel.com\\\/es\\\/?s={search_term_string}\"},\"query-input\":{\"@type\":\"PropertyValueSpecification\",\"valueRequired\":true,\"valueName\":\"search_term_string\"}}],\"inLanguage\":\"es\"},{\"@type\":\"Organization\",\"@id\":\"https:\\\/\\\/belybel.com\\\/es\\\/#organization\",\"name\":\"Bel&Bel Creative Studio\",\"url\":\"https:\\\/\\\/belybel.com\\\/es\\\/\",\"logo\":{\"@type\":\"ImageObject\",\"inLanguage\":\"es\",\"@id\":\"https:\\\/\\\/belybel.com\\\/es\\\/#\\\/schema\\\/logo\\\/image\\\/\",\"url\":\"https:\\\/\\\/belybel.com\\\/wp-content\\\/uploads\\\/2018\\\/01\\\/logo_blanco.png\",\"contentUrl\":\"https:\\\/\\\/belybel.com\\\/wp-content\\\/uploads\\\/2018\\\/01\\\/logo_blanco.png\",\"width\":142,\"height\":29,\"caption\":\"Bel&Bel Creative Studio\"},\"image\":{\"@id\":\"https:\\\/\\\/belybel.com\\\/es\\\/#\\\/schema\\\/logo\\\/image\\\/\"},\"sameAs\":[\"https:\\\/\\\/www.facebook.com\\\/belybel.artworks\\\/\",\"https:\\\/\\\/www.instagram.com\\\/belybel_artworks\\\/\",\"https:\\\/\\\/www.pinterest.com\\\/belybel\\\/\",\"https:\\\/\\\/www.youtube.com\\\/user\\\/belybelfactory\"]}]}<\/script>\n<!-- \/ Yoast SEO plugin. -->","yoast_head_json":{"title":"NUESTRA HISTORIA - Bel &amp; Bel","robots":{"index":"index","follow":"follow","max-snippet":"max-snippet:-1","max-image-preview":"max-image-preview:large","max-video-preview":"max-video-preview:-1"},"canonical":"https:\/\/belybel.com\/es\/nuestra-historia\/","og_locale":"es_ES","og_type":"article","og_title":"NUESTRA HISTORIA - Bel &amp; Bel","og_description":"[vc_row full_width=\u00bbstretch_row_content_no_spaces\u00bb full_height=\u00bbyes\u00bb columns_placement=\u00bbstretch\u00bb equal_height=\u00bbyes\u00bb content_placement=\u00bbmiddle\u00bb parallax=\u00bbcontent-moving\u00bb parallax_image=\u00bb600&#8243; css=\u00bb.vc_custom_1515090965327{background-position: center;background-repeat: no-repeat !important;background-size: cover !important;}\u00bb][vc_column css=\u00bb.vc_custom_1507010580125{background-color: rgba(0,0,0,0.44) !important;background-position: center !important;background-repeat: no-repeat !important;background-size: cover !important;*background-color: rgb(0,0,0) !important;}\u00bb][vc_column_text] NUESTRA [\u2026]","og_url":"https:\/\/belybel.com\/es\/nuestra-historia\/","og_site_name":"Bel &amp; Bel","article_publisher":"https:\/\/www.facebook.com\/belybel.artworks\/","article_modified_time":"2021-03-08T11:39:05+00:00","og_image":[{"width":2011,"height":1131,"url":"https:\/\/belybel.com\/wp-content\/uploads\/2017\/09\/BelBel-Creative-Studio-Upcycling-Studio-in-Barcelona-2.jpg","type":"image\/jpeg"}],"twitter_card":"summary_large_image","twitter_misc":{"Tiempo de lectura":"4 minutos"},"schema":{"@context":"https:\/\/schema.org","@graph":[{"@type":"WebPage","@id":"https:\/\/belybel.com\/es\/nuestra-historia\/","url":"https:\/\/belybel.com\/es\/nuestra-historia\/","name":"NUESTRA HISTORIA - Bel &amp; Bel","isPartOf":{"@id":"https:\/\/belybel.com\/es\/#website"},"primaryImageOfPage":{"@id":"https:\/\/belybel.com\/es\/nuestra-historia\/#primaryimage"},"image":{"@id":"https:\/\/belybel.com\/es\/nuestra-historia\/#primaryimage"},"thumbnailUrl":"https:\/\/belybel.com\/wp-content\/uploads\/2017\/09\/BelBel-Creative-Studio-Upcycling-Studio-in-Barcelona-2.jpg","datePublished":"2018-03-09T04:05:48+00:00","dateModified":"2021-03-08T11:39:05+00:00","breadcrumb":{"@id":"https:\/\/belybel.com\/es\/nuestra-historia\/#breadcrumb"},"inLanguage":"es","potentialAction":[{"@type":"ReadAction","target":["https:\/\/belybel.com\/es\/nuestra-historia\/"]}]},{"@type":"ImageObject","inLanguage":"es","@id":"https:\/\/belybel.com\/es\/nuestra-historia\/#primaryimage","url":"https:\/\/belybel.com\/wp-content\/uploads\/2017\/09\/BelBel-Creative-Studio-Upcycling-Studio-in-Barcelona-2.jpg","contentUrl":"https:\/\/belybel.com\/wp-content\/uploads\/2017\/09\/BelBel-Creative-Studio-Upcycling-Studio-in-Barcelona-2.jpg","width":2011,"height":1131},{"@type":"BreadcrumbList","@id":"https:\/\/belybel.com\/es\/nuestra-historia\/#breadcrumb","itemListElement":[{"@type":"ListItem","position":1,"name":"Home","item":"https:\/\/belybel.com\/es\/"},{"@type":"ListItem","position":2,"name":"NUESTRA HISTORIA"}]},{"@type":"WebSite","@id":"https:\/\/belybel.com\/es\/#website","url":"https:\/\/belybel.com\/es\/","name":"Bel &amp; Bel","description":"Creative Studio","publisher":{"@id":"https:\/\/belybel.com\/es\/#organization"},"potentialAction":[{"@type":"SearchAction","target":{"@type":"EntryPoint","urlTemplate":"https:\/\/belybel.com\/es\/?s={search_term_string}"},"query-input":{"@type":"PropertyValueSpecification","valueRequired":true,"valueName":"search_term_string"}}],"inLanguage":"es"},{"@type":"Organization","@id":"https:\/\/belybel.com\/es\/#organization","name":"Bel&Bel Creative Studio","url":"https:\/\/belybel.com\/es\/","logo":{"@type":"ImageObject","inLanguage":"es","@id":"https:\/\/belybel.com\/es\/#\/schema\/logo\/image\/","url":"https:\/\/belybel.com\/wp-content\/uploads\/2018\/01\/logo_blanco.png","contentUrl":"https:\/\/belybel.com\/wp-content\/uploads\/2018\/01\/logo_blanco.png","width":142,"height":29,"caption":"Bel&Bel Creative Studio"},"image":{"@id":"https:\/\/belybel.com\/es\/#\/schema\/logo\/image\/"},"sameAs":["https:\/\/www.facebook.com\/belybel.artworks\/","https:\/\/www.instagram.com\/belybel_artworks\/","https:\/\/www.pinterest.com\/belybel\/","https:\/\/www.youtube.com\/user\/belybelfactory"]}]}},"_links":{"self":[{"href":"https:\/\/belybel.com\/es\/wp-json\/wp\/v2\/pages\/1163","targetHints":{"allow":["GET"]}}],"collection":[{"href":"https:\/\/belybel.com\/es\/wp-json\/wp\/v2\/pages"}],"about":[{"href":"https:\/\/belybel.com\/es\/wp-json\/wp\/v2\/types\/page"}],"author":[{"embeddable":true,"href":"https:\/\/belybel.com\/es\/wp-json\/wp\/v2\/users\/1"}],"replies":[{"embeddable":true,"href":"https:\/\/belybel.com\/es\/wp-json\/wp\/v2\/comments?post=1163"}],"version-history":[{"count":15,"href":"https:\/\/belybel.com\/es\/wp-json\/wp\/v2\/pages\/1163\/revisions"}],"predecessor-version":[{"id":2067,"href":"https:\/\/belybel.com\/es\/wp-json\/wp\/v2\/pages\/1163\/revisions\/2067"}],"wp:featuredmedia":[{"embeddable":true,"href":"https:\/\/belybel.com\/es\/wp-json\/wp\/v2\/media\/744"}],"wp:attachment":[{"href":"https:\/\/belybel.com\/es\/wp-json\/wp\/v2\/media?parent=1163"}],"curies":[{"name":"wp","href":"https:\/\/api.w.org\/{rel}","templated":true}]}}